{"id":956,"date":"2012-06-11T14:01:18","date_gmt":"2012-06-11T13:01:18","guid":{"rendered":"https:\/\/www.giannifavilli.it\/blog\/?page_id=956"},"modified":"2023-06-19T14:48:18","modified_gmt":"2023-06-19T12:48:18","slug":"demo-elimina-code","status":"publish","type":"page","link":"https:\/\/www.giannifavilli.it\/blog\/portfolio\/demo-elimina-code\/","title":{"rendered":"DEMO &#8211; Elimina Code"},"content":{"rendered":"<p>Questa \u00e8 una demo sul funzionamento del mio elimina code.<br \/>\nDi seguito \u00e8 visualizzato il monitor per la chiamata dell&#8217;utente successivo allo sportello e sotto il computer dell&#8217;operatore che chiama i clienti da servire.<br \/>\nNon \u00e8 disponibile in questa demo il pannello dell&#8217;amministratore del sistema dove \u00e8 possibile cambiare le configurazioni, il nome dello sportello, i colori, il numero di chiamate che vogliamo far apparire sul monitor per i clienti in coda, le statistiche di operativit\u00e0 degli sportelli con grafici e la possibilit\u00e0 di essere esportati in Microsoft Excel o Open Office Calc e tantissime altre funzioni.<br \/>\nPer funzionare, ha bisogno solo di un piccolo computer, net-book o mini-pc collegato alla vostra rete.<br \/>\nIl sistema pu\u00f2 funzionare da uno sportello operatore a infiniti sportelli operatore.<br \/>\nPer provare il suo funzionamento, attiva l&#8217;audio del tuo computer e dai pannelli <em>Sportello 1\u00b0 Operatore<\/em> e <em>Sportello 2\u00b0 Operatore<\/em> premi con il mouse il pulsante <strong>CHIAMA CLIENTE SUCCESSIVO<\/strong>. Vedrai che sul monito a disposizione per gli utenti in coda la progressione dei numeri con un lampeggio e un richiamo audio. Mentre sul computer a disposizione dell&#8217;operatore verr\u00e0 visualizzato il numero che \u00e8 stato chiamato, l&#8217;ora, il nome dello sportello e il nome dell&#8217;operatore.<br \/>\nAdesso prova il suo funzionamento e chiama i clienti in coda come se dovessi lavorare da 2 sportelli.<br \/>\nLo sportello di sinistra \u00e8 configurabile a tuo piacimento mentre quello di destra \u00e8 a pre-configurato come Sportello XYZ 00 e l&#8217;operatore \u00e8 il classico Mario Rossi.<br \/>\nI dati forniti per questa demo non verranno utilizzati per statistiche n\u00e9 tanto meno divulgati a terzi. I dati verranno registrati solo per il tempo necessario della dimostrazione. Prima di allontanarti dal sito ricorda di premere il tasto <strong>RESET DEMO<\/strong> per cancellare definitivamente i dati da te usati per la dimostrazione.<br \/>\nQuesto demo \u00e8 a solo a scopo dimostrativo, alcuni malfunzionamenti, ritardi sulla chiamata del turno successivo, sfarfalio delle schermo, ecc. dipendono dalla connessione internet, nella realt\u00e0 questi problemi non sono riscontrati.<br \/>\nSe vuoi maggiori dettagli scrivi una email a <a href=\"mailto:info@giannifavilli.it?subject=Info20%EliminaCode\">info@giannifavilli.it<\/a> o utilizza l&#8217;apposito modulo <a href=\"https:\/\/www.giannifavilli.it\/blog\/contatti\/\">Contatti<\/a> disponibile su questo sito.<\/p>\n<p>Questo sotto \u00e8 un esempio ma se vuoi fare una demo approfondita del sistema come \u00e8 nella realt\u00e0 puoi andare al seguente link&nbsp;<strong><a href=\"https:\/\/cianaweb.it\/demo\/eliminacode\/\" target=\"_blank\" rel=\"noopener noreferrer\">Demo Online Approfondita<\/a>&nbsp;<\/strong>o altrimenti puoi fare una prova qui sotto con la grafica minimale e senza valutare il pannello di amministrazione o altre funzionalit\u00e0 presenti nella versione reale.<\/p>\n<p style=\"text-align: center;\"><a href=\"https:\/\/cianaweb.it\/demo\/eliminacode\/\" target=\"_blank\" class=\"button color-2 medium \" style=\"border-radius: 2px;\"><i class='fa fa-desktop'><\/i>Vai alla Nuova Demo Completa<\/a>\n<hr>\n<div style=\"height: 320px;\">\n<div style=\"width: 100%; margin-bottom: 25px;\">\n<div class=\"alert fade in\" style=\"text-align: center;\">La coda agli sportelli<\/div>\n<\/div>\n<div style=\"width: 400px; height: 250px; float: left;\">\n<div style=\"background: #000 url('https:\/\/www.giannifavilli.it\/blog\/wp-content\/uploads\/eliminacode\/display.png') no-repeat; width: 395px; height: 230px; padding: 15px 0 0 20px; float: left; z-index: 10;\">&nbsp;<\/div>\n<div style=\"position: absolute; margin: 15px 0 0 20px;\"><iframe loading=\"lazy\" width=\"375\" height=\"215\" src=\"https:\/\/www.cianaweb.it\/demo\/eliminacode-deprecated\/view.php\" frameborder=\"0\" scrolling=\"no\"><\/iframe><\/div>\n<\/div>\n<div style=\"width: 300px; height: 230px; margin: 0 15px 0 0; padding: 15px 50px 0 20px; float: right;\"><img decoding=\"async\" src=\"https:\/\/www.giannifavilli.it\/blog\/wp-content\/uploads\/eliminacode\/coda.jpg\" alt=\"Coda\" width=\"300\"><\/div>\n<\/div>\n<hr>\n<div style=\"width: 45%; margin: -10px 0 0 0; float: left;\">\n<div class=\"alert alert-info fade in\" style=\"text-align: center;\">Sportello 1\u00b0 Operatore<\/div>\n<div style=\"background: #fff url('https:\/\/www.giannifavilli.it\/blog\/wp-content\/uploads\/eliminacode\/monitor.png') no-repeat; width: 350px; height: 375px; padding: 0 0 0 35px; margin: -20px 0 0 0; float: left;\">&nbsp;<\/div>\n<div style=\"position: absolute; margin: 51px 0 0 34px;\"><iframe loading=\"lazy\" width=\"330\" height=\"205\" src=\"https:\/\/www.cianaweb.it\/demo\/eliminacode-deprecated\/chiama_sp1.php\" frameborder=\"0\" scrolling=\"no\"><\/iframe><\/div>\n<\/div>\n<div style=\"width: 45%; margin: -10px 0 0 0; float: right;\">\n<div class=\"alert alert-info fade in\" style=\"text-align: center;\">Sportello 2\u00b0 Operatore<\/div>\n<div style=\"background: #fff url('https:\/\/www.giannifavilli.it\/blog\/wp-content\/uploads\/eliminacode\/monitor.png') no-repeat; width: 350px; height: 375px; padding: 0 0 0 35px; margin: -20px 0 0 0; float: left;\">&nbsp;<\/div>\n<div style=\"position: absolute; margin: 51px 0 0 34px;\"><iframe loading=\"lazy\" width=\"330\" height=\"205\" src=\"https:\/\/www.cianaweb.it\/demo\/eliminacode-deprecated\/chiama_sp2.php\" frameborder=\"0\" scrolling=\"no\"><\/iframe><\/div>\n<\/div>\n<form action=\"https:\/\/www.cianaweb.it\/demo\/eliminacode-deprecated\/admintbl_truncate_table.php\" method=\"post\">\n<p style=\"text-align: center;\"><input style=\"font-size: 18pt; color: red;\" name=\"reset\" type=\"submit\" value=\"RESET DEMO\"><\/p>\n<\/form>\n","protected":false},"excerpt":{"rendered":"<p>Questa \u00e8 una demo sul funzionamento del mio elimina code. Di seguito \u00e8 visualizzato il monitor per la chiamata dell&#8217;utente successivo allo sportello e sotto il computer dell&#8217;operatore che chiama i clienti da servire. Non \u00e8 disponibile in questa demo il pannello dell&#8217;amministratore del sistema dove \u00e8 possibile cambiare le configurazioni, il nome dello sportello, i colori, il numero di chiamate che vogliamo far apparire sul monitor per i clienti in coda, le statistiche di operativit\u00e0 degli sportelli con grafici e la possibilit\u00e0 di essere esportati in Microsoft Excel o Open Office Calc e tantissime altre funzioni. Per funzionare, ha bisogno solo di un piccolo computer, net-book o mini-pc collegato alla vostra rete. Il sistema pu\u00f2 funzionare da uno sportello operatore a infiniti sportelli operatore. Per provare il suo funzionamento, attiva l&#8217;audio del tuo computer e dai pannelli Sportello 1\u00b0 Operatore e Sportello 2\u00b0 Operatore premi con il mouse il pulsante CHIAMA CLIENTE SUCCESSIVO. Vedrai che sul monito a disposizione per gli utenti in coda la progressione dei numeri con un lampeggio e un richiamo audio. Mentre sul computer a disposizione dell&#8217;operatore verr\u00e0 visualizzato il numero che \u00e8 stato chiamato, l&#8217;ora, il nome dello sportello e il nome dell&#8217;operatore. Adesso [&hellip;]<\/p>\n","protected":false},"author":2,"featured_media":0,"parent":395,"menu_order":0,"comment_status":"closed","ping_status":"closed","template":"","meta":{"jetpack_post_was_ever_published":false,"footnotes":""},"class_list":["post-956","page","type-page","status-publish","hentry"],"jetpack_sharing_enabled":true,"jetpack_shortlink":"https:\/\/wp.me\/P4SGGs-fq","_links":{"self":[{"href":"https:\/\/www.giannifavilli.it\/blog\/wp-json\/wp\/v2\/pages\/956","targetHints":{"allow":["GET"]}}],"collection":[{"href":"https:\/\/www.giannifavilli.it\/blog\/wp-json\/wp\/v2\/pages"}],"about":[{"href":"https:\/\/www.giannifavilli.it\/blog\/wp-json\/wp\/v2\/types\/page"}],"author":[{"embeddable":true,"href":"https:\/\/www.giannifavilli.it\/blog\/wp-json\/wp\/v2\/users\/2"}],"replies":[{"embeddable":true,"href":"https:\/\/www.giannifavilli.it\/blog\/wp-json\/wp\/v2\/comments?post=956"}],"version-history":[{"count":0,"href":"https:\/\/www.giannifavilli.it\/blog\/wp-json\/wp\/v2\/pages\/956\/revisions"}],"up":[{"embeddable":true,"href":"https:\/\/www.giannifavilli.it\/blog\/wp-json\/wp\/v2\/pages\/395"}],"wp:attachment":[{"href":"https:\/\/www.giannifavilli.it\/blog\/wp-json\/wp\/v2\/media?parent=956"}],"curies":[{"name":"wp","href":"https:\/\/api.w.org\/{rel}","templated":true}]}}