{"id":2,"date":"2010-08-26T09:55:00","date_gmt":"2010-08-26T08:55:00","guid":{"rendered":"https:\/\/www.giannifavilli.it\/blog\/?page_id=2"},"modified":"2015-12-02T12:18:13","modified_gmt":"2015-12-02T11:18:13","slug":"privacy-cookie","status":"publish","type":"page","link":"https:\/\/www.giannifavilli.it\/blog\/privacy-cookie\/","title":{"rendered":"Informativa sulla Privacy"},"content":{"rendered":"<p style=\"text-align: justify;\">Ai sensi dell\u2019art. 13 D. Lgs. 196\/2003 La informiamo che, se sceglier\u00e0 di attivare i nostri servizi, i suoi dati saranno conservati nel nostro database informatico. I suoi dati, il cui conferimento \u00e8 facoltativo ma il mancato conferimento potrebbe comportare l\u2019impossibilit\u00e0 di ottenere quanto richiesto, sono trattati in relazione ai servizi web di questo sito, hanno luogo presso i server della Hosting Provider OVH SAS (FR) e sono curati solo dal webmaster <a href=\"mailto:info@giannifavilli.it?subject=GianniFavilli.it%20-%20Informativa%20sulla%20Privacy\">info@giannifavilli.it<\/a>.<br \/>\nQuesto indirizzo e-mail \u00e8 protetto dallo spam bot. Abilita Javascript per vederlo. o dal personale tecnico solo in\u00a0 occasionali operazioni di manutenzione. Nessun dato derivante dal servizio web viene comunicato o diffuso. I dati personali forniti dagli utenti che inoltrano richieste di invio di materiale informativo (informazioni, newsletter, ecc.) sono utilizzati al solo fine di eseguire il servizio o la prestazione richiesta e sono comunicati a terzi nel solo caso in cui ci\u00f2 sia a tal fine necessario (servizi di spedizione, istituti bancari, poste).<\/p>\n<p style=\"text-align: justify;\"><strong>TIPI DI DATI TRATTATI<\/strong><\/p>\n<p style=\"text-align: justify;\">I sistemi informatici e le procedure software preposte al funzionamento di questo sito web acquisiscono, nel corso del loro normale esercizio, alcuni dati personali la cui trasmissione \u00e8 implicita nell\u2019uso dei protocolli di comunicazione di Internet.<br \/>\nSi tratta di informazioni che non sono raccolte per essere associate a interessati identificati, ma che per loro stessa natura potrebbero, attraverso elaborazioni ed associazioni con dati detenuti da terzi, permettere di identificare gli utenti.In questa categoria di dati rientrano gli indirizzi IP o i nomi a dominio dei computer utilizzati dagli utenti che si connettono al sito, gli indirizzi in notazione URI (Uniform Resource Identifier) delle risorse richieste, l\u2019orario della richiesta, il metodo utilizzato nel sottoporre la richiesta al server, la dimensione del file ottenuto in risposta, il codice numerico indicante lo stato della risposta data dal server (buon fine, errore, ecc.) ed altri parametri relativi al sistema operativo e all\u2019ambiente informatico dell\u2019utente.<br \/>\nQuesti dati vengono utilizzati al solo fine di ricavare informazioni statistiche anonime sull\u2019uso del sito e per controllarne il corretto funzionamento e vengono cancellati immediatamente dopo l\u2019elaborazione.<br \/>\nI dati potrebbero essere utilizzati per l\u2019accertamento di responsabilit\u00e0 in caso di ipotetici reati informatici ai danni del sito: salva questa eventualit\u00e0, allo stato i dati sui contatti web non persistono per pi\u00f9 di sette giorni.<\/p>\n<p style=\"text-align: justify;\"><strong>DATI FORNITI VOLONTARIAMENTE DALL&#8217;UTENTE<\/strong><br \/>\nL\u2019invio facoltativo, esplicito e volontario di posta elettronica agli indirizzi indicati su questo sito comporta la successiva acquisizione dell\u2019indirizzo del mittente, necessario per rispondere alle richieste, nonch\u00e9 degli eventuali altri dati personali inseriti nella missiva.<\/p>\n<p style=\"text-align: justify;\"><strong>COOKIE ***<\/strong><br \/>\nNessun dato personale degli utenti viene in proposito acquisito dal sito. Non viene fatto uso di cookies per la trasmissione di informazioni di carattere personale, n\u00e9 vengono utilizzati c.d. cookies persistenti di alcun tipo, ovvero sistemi per il tracciamento degli utenti. L\u2019uso di c.d. cookies di sessione (che non vengono memorizzati in modo persistente sul computer dell\u2019utente e svaniscono con la chiusura del browser) \u00e8 strettamente limitato alla trasmissione di identificativi di sessione (costituiti da numeri casuali generati dal server) necessari per consentire l\u2019esplorazione sicura ed efficiente del sito.<br \/>\nI c.d. cookies di sessione utilizzati in questo sito evitano il ricorso ad altre tecniche informatiche potenzialmente pregiudizievoli per la riservatezza della navigazione degli utenti e non consentono l\u2019acquisizione di dati personali identificativi dell\u2019utente.<\/p>\n<p style=\"text-align: justify;\"><strong>MODALITA\u2019 DEL TRATTAMENTO<\/strong><br \/>\nI dati personali sono trattati con strumenti automatizzati per il tempo strettamente necessario a conseguire gli scopi per cui sono stati raccolti.<br \/>\nSpecifiche misure di sicurezza sono osservate per prevenire la perdita dei dati, usi illeciti o non corretti ed accessi non autorizzati.<\/p>\n<p style=\"text-align: justify;\"><strong>DIRITTI DELL\u2019INTERESSATO<\/strong><br \/>\nAi sensi dell\u2019art. 7 del citato D. Lgs. Lei ha diritto di conoscere, aggiornare, rettificare e cancellare i suoi dati, nonch\u00e9 di esercitare tutti i restanti diritti ivi previsti, mediante comunicazione scritta all&#8217;indirizzo email <a href=\"mailto:info@giannifavilli.it?subject=GianniFavilli.it%20-%20Informativa%20sulla%20Privacy\">info@giannifavilli.it<\/a><\/p>\n<p style=\"text-align: justify;\"><strong>COOKIE DI TERZE PARTI ***<\/strong><\/p>\n<p style=\"text-align: justify;\">Informativa estesa ai sensi del provv. n.229\/2014 Garante Privacy e ss. mm. ii, in G.U. 3 giugno 2014.<\/p>\n<p style=\"text-align: justify;\">Questo sito utilizza cookie di terze parti di Google (Google AdSense e Google Analytics) che servono per raccogliere informazioni sugli utenti come, ad esempio, quelle relative al tipo di browser utilizzato, le pagine web visitate e altre informazioni utili ad analizzare i post (Google Analytics) e a permettere a Google e ai suoi partner (tramite Google Adsense) di pubblicare annunci pubblicitari mirati.<\/p>\n<p style=\"text-align: justify;\">Se non sai cosa sono i cookie, <a href=\"http:\/\/www.garanteprivacy.it\/cookie\">leggi questa pagina del garante della privacy<\/a>.<\/p>\n<p style=\"text-align: justify;\">\u00c8 possibile evitare di essere tracciati utilizzando vari espedienti tecnologici descritti nei link seguenti:<\/p>\n<ul>\n<li style=\"text-align: justify;\"><a href=\"https:\/\/support.mozilla.org\/it\/kb\/Attivare%20e%20disattivare%20i%20cookie\">Come disattivare i cookie su mozilla<\/a><\/li>\n<li style=\"text-align: justify;\"><a href=\"https:\/\/www.mozilla.org\/it\/firefox\/dnt\">Come attivare l&#8217;antitracciamento su mozilla<\/a><\/li>\n<li style=\"text-align: justify;\"><a href=\"https:\/\/support.mozilla.org\/it\/kb\/Navigazione%20anonima\">Come attivare la navigazione anonima su mozilla<\/a><\/li>\n<li style=\"text-align: justify;\"><a href=\"https:\/\/addons.mozilla.org\/it\/firefox\/addon\/adblock-plus\">Installa l&#8217;estensione Adblock su mozilla<\/a><\/li>\n<li style=\"text-align: justify;\"><a href=\"https:\/\/addons.mozilla.org\/it\/firefox\/addon\/noscript\">Installa l&#8217;estensione Noscript su mozilla<\/a><\/li>\n<li style=\"text-align: justify;\"><a href=\"https:\/\/addons.mozilla.org\/it\/firefox\/addon\/ghostery\">Installa l&#8217;estensione Ghostery su mozilla<\/a><\/li>\n<li style=\"text-align: justify;\"><a href=\"https:\/\/www.mozilla.org\/it\/privacy\/tips\">Consigli per la privacy da mozilla<\/a><\/li>\n<li style=\"text-align: justify;\"><a href=\"https:\/\/www.torproject.org\/projects\/torbrowser.html.en\">Naviga con Tor browser<\/a><\/li>\n<li style=\"text-align: justify;\"><a href=\"http:\/\/www.google.com\/policies\/technologies\/managing\">Come disattivare i cookie su chrome\/chromium<\/a><\/li>\n<li style=\"text-align: justify;\"><a href=\"http:\/\/help.opera.com\/Mac\/12.10\/it\/cookies.html\">Come disattivare i cookie su opera<\/a><\/li>\n<\/ul>\n","protected":false},"excerpt":{"rendered":"<p>Ai sensi dell\u2019art. 13 D. Lgs. 196\/2003 La informiamo che, se sceglier\u00e0 di attivare i nostri servizi, i suoi dati saranno conservati nel nostro database informatico. I suoi dati, il cui conferimento \u00e8 facoltativo ma il mancato conferimento potrebbe comportare l\u2019impossibilit\u00e0 di ottenere quanto richiesto, sono trattati in relazione ai servizi web di questo sito, hanno luogo presso i server della Hosting Provider OVH SAS (FR) e sono curati solo dal webmaster info@giannifavilli.it. Questo indirizzo e-mail \u00e8 protetto dallo spam bot. Abilita Javascript per vederlo. o dal personale tecnico solo in\u00a0 occasionali operazioni di manutenzione. Nessun dato derivante dal servizio web viene comunicato o diffuso. I dati personali forniti dagli utenti che inoltrano richieste di invio di materiale informativo (informazioni, newsletter, ecc.) sono utilizzati al solo fine di eseguire il servizio o la prestazione richiesta e sono comunicati a terzi nel solo caso in cui ci\u00f2 sia a tal fine necessario (servizi di spedizione, istituti bancari, poste). TIPI DI DATI TRATTATI I sistemi informatici e le procedure software preposte al funzionamento di questo sito web acquisiscono, nel corso del loro normale esercizio, alcuni dati personali la cui trasmissione \u00e8 implicita nell\u2019uso dei protocolli di comunicazione di Internet. Si tratta di [&hellip;]<\/p>\n","protected":false},"author":2,"featured_media":0,"parent":0,"menu_order":100,"comment_status":"closed","ping_status":"closed","template":"","meta":{"jetpack_post_was_ever_published":false,"footnotes":""},"class_list":["post-2","page","type-page","status-publish","hentry"],"jetpack_sharing_enabled":true,"jetpack_shortlink":"https:\/\/wp.me\/P4SGGs-2","_links":{"self":[{"href":"https:\/\/www.giannifavilli.it\/blog\/wp-json\/wp\/v2\/pages\/2","targetHints":{"allow":["GET"]}}],"collection":[{"href":"https:\/\/www.giannifavilli.it\/blog\/wp-json\/wp\/v2\/pages"}],"about":[{"href":"https:\/\/www.giannifavilli.it\/blog\/wp-json\/wp\/v2\/types\/page"}],"author":[{"embeddable":true,"href":"https:\/\/www.giannifavilli.it\/blog\/wp-json\/wp\/v2\/users\/2"}],"replies":[{"embeddable":true,"href":"https:\/\/www.giannifavilli.it\/blog\/wp-json\/wp\/v2\/comments?post=2"}],"version-history":[{"count":0,"href":"https:\/\/www.giannifavilli.it\/blog\/wp-json\/wp\/v2\/pages\/2\/revisions"}],"wp:attachment":[{"href":"https:\/\/www.giannifavilli.it\/blog\/wp-json\/wp\/v2\/media?parent=2"}],"curies":[{"name":"wp","href":"https:\/\/api.w.org\/{rel}","templated":true}]}}